{"id":14,"date":"2022-05-21T00:19:07","date_gmt":"2022-05-21T03:19:07","guid":{"rendered":"https:\/\/servicos.marica.tk\/?page_id=14"},"modified":"2022-05-21T00:27:52","modified_gmt":"2022-05-21T03:27:52","slug":"servicos","status":"publish","type":"page","link":"https:\/\/servicos.segk.com.br\/","title":{"rendered":"Servi\u00e7os"},"content":{"rendered":"\n<p>Alguns dos servi\u00e7os prestados, mas se n\u00e3o encontrar na lista, n\u00e3o hesite em nos perguntar.<\/p>\n\n\n\n<div class=\"wp-block-columns alignwide is-layout-flex wp-container-core-columns-is-layout-1 wp-block-columns-is-layout-flex\">\n<div class=\"wp-block-column has-text-color has-background has-link-color wp-elements-e722f0b0f820009a917ff9385c13d456 is-layout-flow wp-block-column-is-layout-flow\" style=\"background-color:#ffe97d;color:#000000;padding-top:2em;padding-right:2em;padding-bottom:2em;padding-left:2em\">\n<h3 class=\"wp-block-heading\">Servi\u00e7os de Instala\u00e7\u00e3o:<\/h3>\n\n\n\n<p>\u2022 Instala\u00e7\u00e3o de M\u00e1quina de Lavar<br>\u2022 Instala\u00e7\u00e3o de Lava Lou\u00e7as<br>\u2022 Coifa e Exautores<br>\u2022 Ar Condicionado Split<br>\u2022 Telas de Prote\u00e7\u00e3o<br>\u2022 Cortinas e Persianas<br>\u2022 Varal Interno e Externo<br>\u2022 Painel ou Suporte de TV<br>\u2022 Instala\u00e7\u00e3o de Quadros<br>\u2022 Ventiladores de teto<br>\u2022 Lumin\u00e1rias e Lustres<br>\u2022 C\u00e2meras de Seguran\u00e7a<br>\u2022 Instala\u00e7\u00e3o de Toldos<br>\u2022 Instala\u00e7\u00e3o de Espelhos<br>\u2022 Instala\u00e7\u00e3o de Blindex<br>\u2022 Box de Banheiro<br>\u2022 Banheira de Hidromassagem<br>\u2022 Vaso Sanit\u00e1rio<br>\u2022 Instala\u00e7\u00e3o de Olho M\u00e1gico<br>\u2022 Instala\u00e7\u00e3o de Arm\u00e1rios<br>\u2022 Instala\u00e7\u00e3o de Filtros<br>\u2022 Instala\u00e7\u00e3o de Fog\u00e3o Cooktop<br>\u2022 Instala\u00e7\u00e3o de Calhas<br>\u2022 Instala\u00e7\u00e3o de Cerca El\u00e9trica<br>\u2022 Instala\u00e7\u00e3o de \u00c1gua quente<br>\u2022 Instala\u00e7\u00e3o de Antena<br>\u2022 Instala\u00e7\u00e3o de Aquecedor<br>\u2022 Instala\u00e7\u00e3o de Forro<br>\u2022 Instala\u00e7\u00e3o de Piso Vin\u00edlico<\/p>\n\n\n\n<div class=\"wp-block-buttons alignfull is-horizontal is-content-justification-center is-layout-flex wp-container-core-buttons-is-layout-1 wp-block-buttons-is-layout-flex\">\n<div class=\"wp-block-button has-custom-width wp-block-button__width-100\"><a class=\"wp-block-button__link has-white-color has-text-color has-background no-border-radius\" style=\"background-color:#000000\">Consulte<\/a><\/div>\n<\/div>\n<\/div>\n\n\n\n<div class=\"wp-block-column has-text-color has-background has-link-color wp-elements-c56e79ed7cbe5871ffcf808c558d89f0 is-layout-flow wp-block-column-is-layout-flow\" style=\"background-color:#d1d1e1;color:#000000;padding-top:2em;padding-right:2em;padding-bottom:2em;padding-left:2em\">\n<h3 class=\"wp-block-heading\">Reparos e Reformas em Geral:<\/h3>\n\n\n\n<p>\u2022 Reparos em Azulejos<br>\u2022 Reparos em Gesso<br>\u2022 Reparos em Portas e Janelas<br>\u2022 Reparos em Pisos e Telhados<br>\u2022 Reparos em Alvenaria<br>\u2022 Reparos em Apartamento Alugado<br>\u2022 Reparos em Arm\u00e1rios<br>\u2022 Reforma em Assoalho<br>\u2022 Reparos em Box<br>\u2022 Reparos de Impermeabiliza\u00e7\u00e3o<br>\u2022 Reparos em Revestimentos<br>\u2022 Reforma de Banheiro e Cozinha<br>\u2022 Reforma de Quarto e Salas<br>\u2022 Reforma da \u00e1rea de Lazer<\/p>\n\n\n\n<div class=\"wp-block-buttons alignfull is-horizontal is-content-justification-center is-layout-flex wp-container-core-buttons-is-layout-2 wp-block-buttons-is-layout-flex\">\n<div class=\"wp-block-button has-custom-width wp-block-button__width-100 is-style-fill\"><a class=\"wp-block-button__link has-white-color has-text-color has-background no-border-radius\" style=\"background-color:#000000\">Consulte<\/a><\/div>\n<\/div>\n\n\n\n<h3 class=\"wp-block-heading\">Servi\u00e7os Hidr\u00e1ulicos:<\/h3>\n\n\n\n<p>\u2022 Encanador<br>\u2022 Bombeiro Hidr\u00e1ulico<br>\u2022 Desentupimento em Geral<br>\u2022 Limpeza de Caixa de Gordura<br>\u2022 Ca\u00e7a vazamentos<br>\u2022 Reparos Hidr\u00e1ulicos<br>\u2022 Limpa Fossa<br>\u2022 Instala\u00e7\u00e3o de Pias e Tanques<br>\u2022 Instala\u00e7\u00e3o de Tubula\u00e7\u00f5es<br>\u2022 Reparos em Torneiras<br>\u2022 Reparos em Bombas D\u2019 agua<br>\u2022 Reparos em Piscinas<br>\u2022 Reparos de Infiltra\u00e7\u00e3o<br>\u2022 Reparos em Banheiras e Saunas<\/p>\n<\/div>\n\n\n\n<div class=\"wp-block-column has-text-color has-background has-link-color wp-elements-4c12cc2e247fa6b205fcac0aae5f28de is-layout-flow wp-block-column-is-layout-flow\" style=\"background-color:#c0ebf1;color:#000000;padding-top:2em;padding-right:2em;padding-bottom:2em;padding-left:2em\">\n<h3 class=\"wp-block-heading\">Servi\u00e7os de Pintura:<\/h3>\n\n\n\n<p>\u2022 Pintor Residencial<br>\u2022 Pinturas Internas e Externas<br>\u2022 Casas, Lojas e Aptos<br>\u2022 Texturas e grafiatos<br>\u2022 Paredes e pisos<br>\u2022 Portas e Janelas<br>\u2022 Fachadas<br>\u2022 Pintura de Muros<br>\u2022 Lavagem e Restaura\u00e7\u00e3o de Paredes<br>\u2022 Impermeabiliza\u00e7\u00e3o e acabamentos<br>\u2022 Pintura de gesso<br>\u2022 Tratamento contra mofos<br>\u2022 Aplica\u00e7\u00e3o de Vernizes<\/p>\n\n\n\n<div class=\"wp-block-buttons alignfull is-horizontal is-content-justification-center is-layout-flex wp-container-core-buttons-is-layout-3 wp-block-buttons-is-layout-flex\">\n<div class=\"wp-block-button has-custom-width wp-block-button__width-100\"><a class=\"wp-block-button__link has-white-color has-text-color has-background no-border-radius\" style=\"background-color:#000000\">Consulte<\/a><\/div>\n<\/div>\n\n\n\n<h3 class=\"wp-block-heading\">Reparos El\u00e9tricos:<\/h3>\n\n\n\n<p>\u2022 Eletricista Residencial<br>\u2022 Eletricista Predial<br>\u2022 Reparos El\u00e9tricos em Geral<br>\u2022 Troca de Dijuntores<br>\u2022 Troca de Fia\u00e7\u00e3o<br>\u2022 Ilumina\u00e7\u00f5es<br>\u2022 Troca de Tomadas e Lampadas<br>\u2022 Troca de Chuveiros<br>\u2022 Instala\u00e7\u00e3o de Fio Terra<br>\u2022 Quadros e Pain\u00e9s El\u00e9tricos<br>\u2022 Canaletas e Condu\u00edtes<br>\u2022 Port\u00f5es Autom\u00e1ticos<br>\u2022 Bombas El\u00e9tricas<br>\u2022 Montagem de Quadros El\u00e9tricos<\/p>\n<\/div>\n<\/div>\n","protected":false},"excerpt":{"rendered":"<p>Alguns dos servi\u00e7os prestados, mas se n\u00e3o encontrar na lista, n\u00e3o hesite em nos perguntar. Servi\u00e7os de Instala\u00e7\u00e3o: \u2022 Instala\u00e7\u00e3o de [&hellip;]<\/p>\n","protected":false},"author":1,"featured_media":0,"parent":0,"menu_order":0,"comment_status":"closed","ping_status":"closed","template":"","meta":{"om_disable_all_campaigns":false,"_mi_skip_tracking":false,"_monsterinsights_sitenote_active":false,"_monsterinsights_sitenote_note":"","_monsterinsights_sitenote_category":0,"footnotes":""},"class_list":["post-14","page","type-page","status-publish","hentry"],"aioseo_notices":[],"_links":{"self":[{"href":"https:\/\/servicos.segk.com.br\/index.php?rest_route=\/wp\/v2\/pages\/14","targetHints":{"allow":["GET"]}}],"collection":[{"href":"https:\/\/servicos.segk.com.br\/index.php?rest_route=\/wp\/v2\/pages"}],"about":[{"href":"https:\/\/servicos.segk.com.br\/index.php?rest_route=\/wp\/v2\/types\/page"}],"author":[{"embeddable":true,"href":"https:\/\/servicos.segk.com.br\/index.php?rest_route=\/wp\/v2\/users\/1"}],"replies":[{"embeddable":true,"href":"https:\/\/servicos.segk.com.br\/index.php?rest_route=%2Fwp%2Fv2%2Fcomments&post=14"}],"version-history":[{"count":3,"href":"https:\/\/servicos.segk.com.br\/index.php?rest_route=\/wp\/v2\/pages\/14\/revisions"}],"predecessor-version":[{"id":20,"href":"https:\/\/servicos.segk.com.br\/index.php?rest_route=\/wp\/v2\/pages\/14\/revisions\/20"}],"wp:attachment":[{"href":"https:\/\/servicos.segk.com.br\/index.php?rest_route=%2Fwp%2Fv2%2Fmedia&parent=14"}],"curies":[{"name":"wp","href":"https:\/\/api.w.org\/{rel}","templated":true}]}}