{"id":11,"date":"2022-05-21T00:02:15","date_gmt":"2022-05-21T03:02:15","guid":{"rendered":"https:\/\/servicos.marica.tk\/?page_id=11"},"modified":"2022-05-21T00:18:47","modified_gmt":"2022-05-21T03:18:47","slug":"o-que-e-marido-de-aluguel","status":"publish","type":"page","link":"https:\/\/servicos.segk.com.br\/?page_id=11","title":{"rendered":"O que \u00e9 Marido de Aluguel?"},"content":{"rendered":"\n<p>Um\u00a0<strong>marido de aluguel<\/strong>\u00a0\u00e9 o profissional respons\u00e1vel por\u00a0<strong>fazer<\/strong>\u00a0pequenos consertos e reparos em resid\u00eancias. Com a facilidade da tecnologia e da comunica\u00e7\u00e3o nos nossos dias, essa profiss\u00e3o acabou ganhando um status de servi\u00e7o, ajudando quem n\u00e3o sabe ou n\u00e3o tem tempo de\u00a0<strong>fazer<\/strong>\u00a0consertos em casa.<\/p>\n\n\n\n<p>Voc\u00ea j\u00e1 precisou fazer algum servi\u00e7o em casa e n\u00e3o sabia quem chamar? O\u00a0<strong>marido de aluguel<\/strong>\u00a0pode ajudar! Entenda mais sobre essa profiss\u00e3o que realiza diversos tipos de servi\u00e7os dom\u00e9sticos.<\/p>\n\n\n\n<p>Primeiramente, o nome&nbsp;<strong>\u2018marido de aluguel\u2019<\/strong>&nbsp;pode at\u00e9 parecer engra\u00e7ado e talvez um homem ou outro fique constrangido em ter que contratar este profissional, mas acredite, contar com uma pessoa que sabe realizar diversos tipos de servi\u00e7os dom\u00e9sticos \u00e9 a solu\u00e7\u00e3o para qualquer problema.<\/p>\n\n\n\n<p>Voc\u00ea mora sozinho e n\u00e3o tem tempo e nem conhecimentos t\u00e9cnicos para trocar tomadas ou usar uma furadeira? Ou mora com a fam\u00edlia e n\u00e3o quer perder tempo se preocupando com esse tipo de servi\u00e7o? \u00c9 por isso que esta profiss\u00e3o&nbsp;<strong>de marido de aluguel<\/strong>&nbsp;se tornou muito requisitada.<\/p>\n\n\n\n<p>N\u00e3o \u00e9 de hoje que o&nbsp;<strong>marido de aluguel<\/strong>&nbsp;vem se popularizando e ganhando, cada vez mais, interessados em todos os estados do Brasil e no mundo.<\/p>\n\n\n\n<p>No entanto, nos grandes centros urbanos, como Rio de Janeiro, S\u00e3o Paulo e Porto Alegre esse tipo de servi\u00e7o tem sido muito mais procurado. Se voc\u00ea ainda n\u00e3o sabe o que um\u00a0<strong>marido de aluguel<\/strong>\u00a0pode fazer para te ajudar em casa, voc\u00ea chegou ao lugar certo.<\/p>\n\n\n\n<p>A profiss\u00e3o de&nbsp;<strong>marido de aluguel<\/strong>&nbsp;vem se popularizando muito rapidamente, pois foi criada para resolver pequenos problemas ou realizar instala\u00e7\u00f5es simples relacionadas a quest\u00f5es dom\u00e9sticas.<\/p>\n\n\n\n<p>N\u00e3o s\u00e3o todas as pessoas que possuem habilidades e at\u00e9 mesmo tempo h\u00e1bil para realizar consertos e trocas de itens danificados em casa. Por isso contratar um servi\u00e7o de\u00a0<strong>marido de aluguel\u00a0<\/strong>\u00e9 interessante para solucionar quest\u00f5es especificas, como por exemplo: problemas na\u00a0<strong>rede el\u00e9trica<\/strong>,\u00a0<strong>troca de fechaduras<\/strong>,\u00a0<strong>pequenos reparos<\/strong>\u00a0e servi\u00e7os\u00a0<strong>hidr\u00e1ulicos<\/strong>.<\/p>\n\n\n\n<p>Tamb\u00e9m \u00e9 poss\u00edvel encontrar profissionais que realizam servi\u00e7os de pintura, montagem e desmontagem de m\u00f3veis, instala\u00e7\u00e3o de prateleiras, varais, quadros, vasos, suportes de cozinha e banheiro, e at\u00e9 coloca\u00e7\u00e3o de cortinas.<\/p>\n\n\n\n<p>O que come\u00e7ou como uma brincadeira se popularizou e se profissionalizou. <\/p>\n\n\n\n<p><\/p>\n","protected":false},"excerpt":{"rendered":"<p>Um\u00a0marido de aluguel\u00a0\u00e9 o profissional respons\u00e1vel por\u00a0fazer\u00a0pequenos consertos e reparos em resid\u00eancias. Com a facilidade da tecnologia e da comunica\u00e7\u00e3o nos [&hellip;]<\/p>\n","protected":false},"author":1,"featured_media":0,"parent":0,"menu_order":0,"comment_status":"closed","ping_status":"closed","template":"","meta":{"om_disable_all_campaigns":false,"_mi_skip_tracking":false,"_monsterinsights_sitenote_active":false,"_monsterinsights_sitenote_note":"","_monsterinsights_sitenote_category":0,"footnotes":""},"class_list":["post-11","page","type-page","status-publish","hentry"],"aioseo_notices":[],"_links":{"self":[{"href":"https:\/\/servicos.segk.com.br\/index.php?rest_route=\/wp\/v2\/pages\/11","targetHints":{"allow":["GET"]}}],"collection":[{"href":"https:\/\/servicos.segk.com.br\/index.php?rest_route=\/wp\/v2\/pages"}],"about":[{"href":"https:\/\/servicos.segk.com.br\/index.php?rest_route=\/wp\/v2\/types\/page"}],"author":[{"embeddable":true,"href":"https:\/\/servicos.segk.com.br\/index.php?rest_route=\/wp\/v2\/users\/1"}],"replies":[{"embeddable":true,"href":"https:\/\/servicos.segk.com.br\/index.php?rest_route=%2Fwp%2Fv2%2Fcomments&post=11"}],"version-history":[{"count":2,"href":"https:\/\/servicos.segk.com.br\/index.php?rest_route=\/wp\/v2\/pages\/11\/revisions"}],"predecessor-version":[{"id":16,"href":"https:\/\/servicos.segk.com.br\/index.php?rest_route=\/wp\/v2\/pages\/11\/revisions\/16"}],"wp:attachment":[{"href":"https:\/\/servicos.segk.com.br\/index.php?rest_route=%2Fwp%2Fv2%2Fmedia&parent=11"}],"curies":[{"name":"wp","href":"https:\/\/api.w.org\/{rel}","templated":true}]}}